{"id":39,"date":"2013-05-31T12:09:26","date_gmt":"2013-05-31T12:09:26","guid":{"rendered":"http:\/\/impreza3.us-themes.com\/portfolio\/"},"modified":"2020-10-22T10:41:03","modified_gmt":"2020-10-22T13:41:03","slug":"trabajos","status":"publish","type":"page","link":"https:\/\/rentorclimatizacion.com.ar\/web\/trabajos\/","title":{"rendered":"Trabajos"},"content":{"rendered":"<section class=\"l-section wpb_row height_custom with_overlay\"><div class=\"l-section-overlay\" style=\"background: #f2f4f5\"><\/div><div class=\"l-section-h i-cf\"><div class=\"g-cols vc_row type_default valign_top\"><div class=\"vc_col-sm-12 wpb_column vc_column_container\"><div class=\"vc_column-inner\"><div class=\"wpb_wrapper\"><h1 class=\"w-post-elm post_title align_center entry-title color_link_inherit\">Trabajos<\/h1><div class=\"wpb_text_column\" ><div class=\"wpb_wrapper\"><p style=\"text-align: center;\">Nuestra amplia experiencia en el rubro garantiza una alta calidad, garant\u00eda y respaldo en todas las obras que realizamos.<br \/>\nConozca nuestras obras y servicios.<\/p>\n<\/div><\/div><\/div><\/div><\/div><\/div><\/div><\/section><section class=\"l-section wpb_row height_auto width_full color_alternate\"><div class=\"l-section-h i-cf\"><div class=\"g-cols vc_row type_default valign_top\"><div class=\"vc_col-sm-12 wpb_column vc_column_container\"><div class=\"vc_column-inner\"><div class=\"wpb_wrapper\"><div class=\"w-grid type_masonry layout_5987 cols_3 with_isotope no_gap ratio_3x2\" id=\"us_grid_1\" data-grid-filter=\"true\"><style id=\"us_grid_1_css\">@media (max-width:899px){#us_grid_1 .w-grid-item{width:50%}#us_grid_1 .w-grid-item.size_2x1,#us_grid_1 .w-grid-item.size_2x2{width:100%}}@media (max-width:599px){#us_grid_1 .w-grid-item{width:100%}}<\/style><style>.layout_5987 .w-grid-item-h:before{padding-bottom:66.6667%}@media (min-width:600px){.layout_5987 .w-grid-item.size_1x2 .w-grid-item-h:before{padding-bottom:calc(133.33333333333% + 0px + 0px)}.layout_5987 .w-grid-item.size_2x1 .w-grid-item-h:before{padding-bottom:calc(33.333333333333% - 0px * 0.66666666666667)}.layout_5987 .w-grid-item.size_2x2 .w-grid-item-h:before{padding-bottom:calc(66.666666666667% - 0px * -0.66666666666667)}}.layout_5987 .w-grid-item-h{}.layout_5987 .usg_post_image_1{transition-duration:0.4s;transform-origin:50% 50%;transform:scale(0.3) translate(0%,0%)}.layout_5987 .w-grid-item-h:hover .usg_post_image_1{transform:scale(1) translate(0%,0%);opacity:1}.layout_5987 .usg_vwrapper_1{transition-duration:0.4s;transform-origin:50% 50%;transform:scale(1) translate(0%,0%)}.layout_5987 .w-grid-item-h:hover .usg_vwrapper_1{transform:scale(2) translate(-50%,-50%);opacity:0}.layout_5987 .usg_post_image_1{position:absolute!important;top:0!important;right:0!important;bottom:0!important;left:0!important}.layout_5987 .usg_vwrapper_1{position:absolute!important;top:0!important;right:0!important;left:0!important;padding-top:8%!important;padding-right:33%!important;padding-left:8%!important}.layout_5987 .usg_post_title_1{color:inherit!important;font-weight:700!important;text-transform:uppercase!important;font-size:calc(1.5rem + 1vw)!important}<\/style><div class=\"w-grid-list\" ><article class=\"w-grid-item size_1x1 post-6332 us_portfolio type-us_portfolio status-publish has-post-thumbnail hentry us_portfolio_category-usina-del-arte\" data-id=\"6332\">\r\n\t<div class=\"w-grid-item-h\" style=\"background:#4e5663;\">\r\n\t\t\t\t\t<a class=\"w-grid-item-anchor\" href=\"https:\/\/rentorclimatizacion.com.ar\/web\/portfolio\/usinadelarte\/\" rel=\"bookmark\" aria-label=\"Usina del Arte\"><\/a>\r\n\t\t\t\t<div class=\"w-post-elm post_image usg_post_image_1 as_circle stretched grid_corner_image\"><img loading=\"lazy\" decoding=\"async\" width=\"1024\" height=\"1024\" src=\"https:\/\/rentorclimatizacion.com.ar\/web\/wp-content\/uploads\/2020\/10\/RT_UsinaDelArte-01-1024x1024.jpg\" class=\"attachment-large size-large wp-post-image\" alt=\"Personal de Rentor reparando una secci\u00f3n del Equipo de Aire en la Usina del Arte.\" srcset=\"https:\/\/rentorclimatizacion.com.ar\/web\/wp-content\/uploads\/2020\/10\/RT_UsinaDelArte-01.jpg 1024w, https:\/\/rentorclimatizacion.com.ar\/web\/wp-content\/uploads\/2020\/10\/RT_UsinaDelArte-01-300x300.jpg 300w, https:\/\/rentorclimatizacion.com.ar\/web\/wp-content\/uploads\/2020\/10\/RT_UsinaDelArte-01-150x150.jpg 150w, https:\/\/rentorclimatizacion.com.ar\/web\/wp-content\/uploads\/2020\/10\/RT_UsinaDelArte-01-600x600.jpg 600w\" sizes=\"auto, (max-width: 1024px) 100vw, 1024px\" \/><\/div><div class=\"w-vwrapper usg_vwrapper_1 align_left valign_top\"><h2 class=\"w-post-elm post_title usg_post_title_1 entry-title color_link_inherit has_text_color\">Usina del Arte<\/h2><\/div>\t<\/div>\r\n<\/article>\r\n<article class=\"w-grid-item size_1x1 post-6339 us_portfolio type-us_portfolio status-publish has-post-thumbnail hentry us_portfolio_category-edificio-esmeralda\" data-id=\"6339\">\r\n\t<div class=\"w-grid-item-h\" style=\"background:#0072BC;\">\r\n\t\t\t\t\t<a class=\"w-grid-item-anchor\" href=\"https:\/\/rentorclimatizacion.com.ar\/web\/portfolio\/edificio-esmeralda\/\" rel=\"bookmark\" aria-label=\"Edificio Esmeralda\"><\/a>\r\n\t\t\t\t<div class=\"w-post-elm post_image usg_post_image_1 as_circle stretched grid_corner_image\"><img loading=\"lazy\" decoding=\"async\" width=\"1024\" height=\"1024\" src=\"https:\/\/rentorclimatizacion.com.ar\/web\/wp-content\/uploads\/2020\/10\/RT_EdificioEsmeralda-03-1024x1024.jpg\" class=\"attachment-large size-large wp-post-image\" alt=\"Personal de Rentor revisando tablero de control de la unidad central de aire.\" srcset=\"https:\/\/rentorclimatizacion.com.ar\/web\/wp-content\/uploads\/2020\/10\/RT_EdificioEsmeralda-03.jpg 1024w, https:\/\/rentorclimatizacion.com.ar\/web\/wp-content\/uploads\/2020\/10\/RT_EdificioEsmeralda-03-300x300.jpg 300w, https:\/\/rentorclimatizacion.com.ar\/web\/wp-content\/uploads\/2020\/10\/RT_EdificioEsmeralda-03-150x150.jpg 150w, https:\/\/rentorclimatizacion.com.ar\/web\/wp-content\/uploads\/2020\/10\/RT_EdificioEsmeralda-03-600x600.jpg 600w\" sizes=\"auto, (max-width: 1024px) 100vw, 1024px\" \/><\/div><div class=\"w-vwrapper usg_vwrapper_1 align_left valign_top\"><h2 class=\"w-post-elm post_title usg_post_title_1 entry-title color_link_inherit has_text_color\">Edificio Esmeralda<\/h2><\/div>\t<\/div>\r\n<\/article>\r\n<article class=\"w-grid-item size_1x1 post-6346 us_portfolio type-us_portfolio status-publish has-post-thumbnail hentry us_portfolio_category-hospital-moyano\" data-id=\"6346\">\r\n\t<div class=\"w-grid-item-h\">\r\n\t\t\t\t\t<a class=\"w-grid-item-anchor\" href=\"https:\/\/rentorclimatizacion.com.ar\/web\/portfolio\/hospital-moyano\/\" rel=\"bookmark\" aria-label=\"Hospital Braulio Moyano\"><\/a>\r\n\t\t\t\t<div class=\"w-post-elm post_image usg_post_image_1 as_circle stretched grid_corner_image\"><img loading=\"lazy\" decoding=\"async\" width=\"1024\" height=\"1024\" src=\"https:\/\/rentorclimatizacion.com.ar\/web\/wp-content\/uploads\/2020\/10\/RT_HospMoyano-02-1024x1024.jpg\" class=\"attachment-large size-large wp-post-image\" alt=\"Sala de hospital donde muestran las salidas de la climatizaci\u00f3n\" srcset=\"https:\/\/rentorclimatizacion.com.ar\/web\/wp-content\/uploads\/2020\/10\/RT_HospMoyano-02.jpg 1024w, https:\/\/rentorclimatizacion.com.ar\/web\/wp-content\/uploads\/2020\/10\/RT_HospMoyano-02-300x300.jpg 300w, https:\/\/rentorclimatizacion.com.ar\/web\/wp-content\/uploads\/2020\/10\/RT_HospMoyano-02-150x150.jpg 150w, https:\/\/rentorclimatizacion.com.ar\/web\/wp-content\/uploads\/2020\/10\/RT_HospMoyano-02-600x600.jpg 600w\" sizes=\"auto, (max-width: 1024px) 100vw, 1024px\" \/><\/div><div class=\"w-vwrapper usg_vwrapper_1 align_left valign_top\"><h2 class=\"w-post-elm post_title usg_post_title_1 entry-title color_link_inherit has_text_color\">Hospital Braulio Moyano<\/h2><\/div>\t<\/div>\r\n<\/article>\r\n<\/div><div class=\"w-grid-preloader\"><div class=\"g-preloader type_1\">\r\n\t<div><\/div>\r\n<\/div>\r\n<\/div>\t<div class=\"w-grid-json hidden\" onclick='return {&quot;action&quot;:&quot;us_ajax_grid&quot;,&quot;ajax_url&quot;:&quot;https:\\\/\\\/rentorclimatizacion.com.ar\\\/web\\\/wp-admin\\\/admin-ajax.php&quot;,&quot;infinite_scroll&quot;:0,&quot;max_num_pages&quot;:1,&quot;pagination&quot;:&quot;none&quot;,&quot;permalink_url&quot;:&quot;https:\\\/\\\/rentorclimatizacion.com.ar\\\/web\\\/wp-json\\\/wp\\\/v2\\\/pages\\\/39&quot;,&quot;template_vars&quot;:{&quot;columns&quot;:&quot;3&quot;,&quot;exclude_items&quot;:&quot;none&quot;,&quot;img_size&quot;:&quot;default&quot;,&quot;ignore_items_size&quot;:false,&quot;items_layout&quot;:&quot;5987&quot;,&quot;items_offset&quot;:&quot;1&quot;,&quot;overriding_link&quot;:&quot;post&quot;,&quot;post_id&quot;:39,&quot;query_args&quot;:{&quot;post_type&quot;:[&quot;us_portfolio&quot;],&quot;post_status&quot;:[&quot;publish&quot;],&quot;orderby&quot;:{&quot;date&quot;:&quot;DESC&quot;},&quot;posts_per_page&quot;:999},&quot;type&quot;:&quot;masonry&quot;,&quot;us_grid_ajax_index&quot;:1,&quot;us_grid_filter_params&quot;:null,&quot;us_grid_index&quot;:1,&quot;_us_grid_post_type&quot;:&quot;us_portfolio&quot;}}'><\/div>\r\n<\/div><\/div><\/div><\/div><\/div><\/div><\/section>\n","protected":false},"excerpt":{"rendered":"Hospital Neuropsiqui\u00e1trico Braulio A. Moyano En Septiembre 2018 se procedi\u00f3 a la instalaci\u00f3n de 2 sistemas VRV daikin de 35 Kw cada uno, con 16 unidades interiores, 10 Baja Silueta para conducto, con lamparas germicida UVC Marca Bellmor.","protected":false},"author":1,"featured_media":0,"parent":0,"menu_order":0,"comment_status":"closed","ping_status":"closed","template":"","meta":{"footnotes":""},"class_list":["post-39","page","type-page","status-publish","hentry"],"yoast_head":"<!-- This site is optimized with the Yoast SEO plugin v26.3 - https:\/\/yoast.com\/wordpress\/plugins\/seo\/ -->\n<title>Trabajos - Rentor Climatizaci\u00f3n<\/title>\n<meta name=\"description\" content=\"Nuestra amplia experiencia en el rubro garantiza una alta calidad, garant\u00eda y respaldo en todas las obras que realizamos. Conozc\u00e1 nuestras obras.\" \/>\n<meta name=\"robots\" content=\"index, follow, max-snippet:-1, max-image-preview:large, max-video-preview:-1\" \/>\n<link rel=\"canonical\" href=\"https:\/\/rentorclimatizacion.com.ar\/web\/trabajos\/\" \/>\n<meta property=\"og:locale\" content=\"es_ES\" \/>\n<meta property=\"og:type\" content=\"article\" \/>\n<meta property=\"og:title\" content=\"Trabajos - Rentor Climatizaci\u00f3n\" \/>\n<meta property=\"og:description\" content=\"Nuestra amplia experiencia en el rubro garantiza una alta calidad, garant\u00eda y respaldo en todas las obras que realizamos. Conozc\u00e1 nuestras obras.\" \/>\n<meta property=\"og:url\" content=\"https:\/\/rentorclimatizacion.com.ar\/web\/trabajos\/\" \/>\n<meta property=\"og:site_name\" content=\"Rentor Climatizaci\u00f3n\" \/>\n<meta property=\"article:modified_time\" content=\"2020-10-22T13:41:03+00:00\" \/>\n<meta name=\"twitter:card\" content=\"summary_large_image\" \/>\n<script type=\"application\/ld+json\" class=\"yoast-schema-graph\">{\"@context\":\"https:\/\/schema.org\",\"@graph\":[{\"@type\":\"WebPage\",\"@id\":\"https:\/\/rentorclimatizacion.com.ar\/web\/trabajos\/\",\"url\":\"https:\/\/rentorclimatizacion.com.ar\/web\/trabajos\/\",\"name\":\"Trabajos - Rentor Climatizaci\u00f3n\",\"isPartOf\":{\"@id\":\"https:\/\/rentorclimatizacion.com.ar\/web\/#website\"},\"datePublished\":\"2013-05-31T12:09:26+00:00\",\"dateModified\":\"2020-10-22T13:41:03+00:00\",\"description\":\"Nuestra amplia experiencia en el rubro garantiza una alta calidad, garant\u00eda y respaldo en todas las obras que realizamos. Conozc\u00e1 nuestras obras.\",\"breadcrumb\":{\"@id\":\"https:\/\/rentorclimatizacion.com.ar\/web\/trabajos\/#breadcrumb\"},\"inLanguage\":\"es-AR\",\"potentialAction\":[{\"@type\":\"ReadAction\",\"target\":[\"https:\/\/rentorclimatizacion.com.ar\/web\/trabajos\/\"]}]},{\"@type\":\"BreadcrumbList\",\"@id\":\"https:\/\/rentorclimatizacion.com.ar\/web\/trabajos\/#breadcrumb\",\"itemListElement\":[{\"@type\":\"ListItem\",\"position\":1,\"name\":\"Inicio\",\"item\":\"https:\/\/rentorclimatizacion.com.ar\/web\/\"},{\"@type\":\"ListItem\",\"position\":2,\"name\":\"Trabajos\"}]},{\"@type\":\"WebSite\",\"@id\":\"https:\/\/rentorclimatizacion.com.ar\/web\/#website\",\"url\":\"https:\/\/rentorclimatizacion.com.ar\/web\/\",\"name\":\"Rentor Climatizaci\u00f3n\",\"description\":\"Servicios Integrales en Aires Acondicionados\",\"potentialAction\":[{\"@type\":\"SearchAction\",\"target\":{\"@type\":\"EntryPoint\",\"urlTemplate\":\"https:\/\/rentorclimatizacion.com.ar\/web\/?s={search_term_string}\"},\"query-input\":{\"@type\":\"PropertyValueSpecification\",\"valueRequired\":true,\"valueName\":\"search_term_string\"}}],\"inLanguage\":\"es-AR\"}]}<\/script>\n<!-- \/ Yoast SEO plugin. -->","yoast_head_json":{"title":"Trabajos - Rentor Climatizaci\u00f3n","description":"Nuestra amplia experiencia en el rubro garantiza una alta calidad, garant\u00eda y respaldo en todas las obras que realizamos. Conozc\u00e1 nuestras obras.","robots":{"index":"index","follow":"follow","max-snippet":"max-snippet:-1","max-image-preview":"max-image-preview:large","max-video-preview":"max-video-preview:-1"},"canonical":"https:\/\/rentorclimatizacion.com.ar\/web\/trabajos\/","og_locale":"es_ES","og_type":"article","og_title":"Trabajos - Rentor Climatizaci\u00f3n","og_description":"Nuestra amplia experiencia en el rubro garantiza una alta calidad, garant\u00eda y respaldo en todas las obras que realizamos. Conozc\u00e1 nuestras obras.","og_url":"https:\/\/rentorclimatizacion.com.ar\/web\/trabajos\/","og_site_name":"Rentor Climatizaci\u00f3n","article_modified_time":"2020-10-22T13:41:03+00:00","twitter_card":"summary_large_image","schema":{"@context":"https:\/\/schema.org","@graph":[{"@type":"WebPage","@id":"https:\/\/rentorclimatizacion.com.ar\/web\/trabajos\/","url":"https:\/\/rentorclimatizacion.com.ar\/web\/trabajos\/","name":"Trabajos - Rentor Climatizaci\u00f3n","isPartOf":{"@id":"https:\/\/rentorclimatizacion.com.ar\/web\/#website"},"datePublished":"2013-05-31T12:09:26+00:00","dateModified":"2020-10-22T13:41:03+00:00","description":"Nuestra amplia experiencia en el rubro garantiza una alta calidad, garant\u00eda y respaldo en todas las obras que realizamos. Conozc\u00e1 nuestras obras.","breadcrumb":{"@id":"https:\/\/rentorclimatizacion.com.ar\/web\/trabajos\/#breadcrumb"},"inLanguage":"es-AR","potentialAction":[{"@type":"ReadAction","target":["https:\/\/rentorclimatizacion.com.ar\/web\/trabajos\/"]}]},{"@type":"BreadcrumbList","@id":"https:\/\/rentorclimatizacion.com.ar\/web\/trabajos\/#breadcrumb","itemListElement":[{"@type":"ListItem","position":1,"name":"Inicio","item":"https:\/\/rentorclimatizacion.com.ar\/web\/"},{"@type":"ListItem","position":2,"name":"Trabajos"}]},{"@type":"WebSite","@id":"https:\/\/rentorclimatizacion.com.ar\/web\/#website","url":"https:\/\/rentorclimatizacion.com.ar\/web\/","name":"Rentor Climatizaci\u00f3n","description":"Servicios Integrales en Aires Acondicionados","potentialAction":[{"@type":"SearchAction","target":{"@type":"EntryPoint","urlTemplate":"https:\/\/rentorclimatizacion.com.ar\/web\/?s={search_term_string}"},"query-input":{"@type":"PropertyValueSpecification","valueRequired":true,"valueName":"search_term_string"}}],"inLanguage":"es-AR"}]}},"_links":{"self":[{"href":"https:\/\/rentorclimatizacion.com.ar\/web\/wp-json\/wp\/v2\/pages\/39","targetHints":{"allow":["GET"]}}],"collection":[{"href":"https:\/\/rentorclimatizacion.com.ar\/web\/wp-json\/wp\/v2\/pages"}],"about":[{"href":"https:\/\/rentorclimatizacion.com.ar\/web\/wp-json\/wp\/v2\/types\/page"}],"author":[{"embeddable":true,"href":"https:\/\/rentorclimatizacion.com.ar\/web\/wp-json\/wp\/v2\/users\/1"}],"replies":[{"embeddable":true,"href":"https:\/\/rentorclimatizacion.com.ar\/web\/wp-json\/wp\/v2\/comments?post=39"}],"version-history":[{"count":9,"href":"https:\/\/rentorclimatizacion.com.ar\/web\/wp-json\/wp\/v2\/pages\/39\/revisions"}],"predecessor-version":[{"id":6721,"href":"https:\/\/rentorclimatizacion.com.ar\/web\/wp-json\/wp\/v2\/pages\/39\/revisions\/6721"}],"wp:attachment":[{"href":"https:\/\/rentorclimatizacion.com.ar\/web\/wp-json\/wp\/v2\/media?parent=39"}],"curies":[{"name":"wp","href":"https:\/\/api.w.org\/{rel}","templated":true}]}}