{"id":4307,"date":"2015-10-21T09:31:45","date_gmt":"2015-10-21T09:31:45","guid":{"rendered":"http:\/\/impreza3.us-themes.com\/?page_id=4307"},"modified":"2020-10-21T14:53:00","modified_gmt":"2020-10-21T17:53:00","slug":"servicios","status":"publish","type":"page","link":"https:\/\/rentorclimatizacion.com.ar\/web\/servicios\/","title":{"rendered":"Servicios"},"content":{"rendered":"<section class=\"l-section wpb_row height_custom\"><div class=\"l-section-h i-cf\"><div class=\"g-cols vc_row type_default valign_top\"><div class=\"vc_col-sm-12 wpb_column vc_column_container\"><div class=\"vc_column-inner\"><div class=\"wpb_wrapper\"><div class=\"g-cols wpb_row  type_default valign_middle vc_inner\"><div class=\"vc_col-sm-6 wpb_column vc_column_container animate_afl\"><div class=\"vc_column-inner\"><div class=\"wpb_wrapper\"><div class=\"w-iconbox iconpos_left style_default color_primary align_left icontype_img\"><div class=\"w-iconbox-icon\" style=\"font-size:70px;\"><img loading=\"lazy\" decoding=\"async\" width=\"1200\" height=\"1200\" src=\"https:\/\/rentorclimatizacion.com.ar\/web\/wp-content\/uploads\/woocommerce-placeholder.png\" class=\"g-placeholder\" alt=\"\" srcset=\"https:\/\/rentorclimatizacion.com.ar\/web\/wp-content\/uploads\/woocommerce-placeholder.png 1200w, https:\/\/rentorclimatizacion.com.ar\/web\/wp-content\/uploads\/woocommerce-placeholder-300x300.png 300w, https:\/\/rentorclimatizacion.com.ar\/web\/wp-content\/uploads\/woocommerce-placeholder-150x150.png 150w, https:\/\/rentorclimatizacion.com.ar\/web\/wp-content\/uploads\/woocommerce-placeholder-600x600.png 600w, https:\/\/rentorclimatizacion.com.ar\/web\/wp-content\/uploads\/woocommerce-placeholder-1024x1024.png 1024w\" sizes=\"auto, (max-width: 1200px) 100vw, 1200px\" \/><\/div><div class=\"w-iconbox-meta\"><h4 class=\"w-iconbox-title\">En Rentor Climatizaci\u00f3n proporcionamos los siguientes servicios:<\/h4><div class=\"w-iconbox-text\"><ul>\n<li>Asesor\u00eda y an\u00e1lisis de necesidades<\/li>\n<li>Optimizaci\u00f3n de Recursos e Instalaciones<\/li>\n<li>Venta de Sistemas de Aire Acondicionado<\/li>\n<li>Instalaciones y puesta en marcha<\/li>\n<li>Mantenimiento de equipos e instalaciones<\/li>\n<li>Capacitaci\u00f3n a los usuarios finales<\/li>\n<li>Servicio de post venta<\/li>\n<li>Proyectos, dise\u00f1o, c\u00e1lculo y selecci\u00f3n de sistema a implementar.<\/li>\n<\/ul>\n<\/div><\/div><\/div><\/div><\/div><\/div><div class=\"vc_col-sm-6 wpb_column vc_column_container animate_afr\" style=\"animation-delay:0.2s\"><div class=\"vc_column-inner\"><div class=\"wpb_wrapper\"><div class=\"w-image align_center\"><div class=\"w-image-h\"><img loading=\"lazy\" decoding=\"async\" width=\"1024\" height=\"1024\" src=\"https:\/\/rentorclimatizacion.com.ar\/web\/wp-content\/uploads\/2020\/09\/01_RT_Proyectos.jpg\" class=\"attachment-full size-full\" alt=\"Planos de proyectos\" srcset=\"https:\/\/rentorclimatizacion.com.ar\/web\/wp-content\/uploads\/2020\/09\/01_RT_Proyectos.jpg 1024w, https:\/\/rentorclimatizacion.com.ar\/web\/wp-content\/uploads\/2020\/09\/01_RT_Proyectos-300x300.jpg 300w, https:\/\/rentorclimatizacion.com.ar\/web\/wp-content\/uploads\/2020\/09\/01_RT_Proyectos-150x150.jpg 150w, https:\/\/rentorclimatizacion.com.ar\/web\/wp-content\/uploads\/2020\/09\/01_RT_Proyectos-600x600.jpg 600w\" sizes=\"auto, (max-width: 1024px) 100vw, 1024px\" \/><\/div><\/div><\/div><\/div><\/div><\/div><\/div><\/div><\/div><\/div><\/div><\/section><section class=\"l-section wpb_row height_custom\"><div class=\"l-section-h i-cf\"><div class=\"g-cols vc_row type_default valign_top\"><div class=\"vc_col-sm-12 wpb_column vc_column_container\"><div class=\"vc_column-inner\"><div class=\"wpb_wrapper\"><div class=\"wpb_text_column\" ><div class=\"wpb_wrapper\"><h3><strong>Servicios<\/strong><\/h3>\n<\/div><\/div><div class=\"w-separator size_medium\"><\/div><div class=\"g-cols wpb_row  type_default valign_top gap-35 vc_inner\"><style>.g-cols.gap-35{margin:0 calc(-1.5rem - 35)}.gap-35 > .vc_column_container {padding:35}<\/style><div class=\"vc_col-sm-6 vc_col-md-3 wpb_column vc_column_container animate_afb\"><div class=\"vc_column-inner\"><div class=\"wpb_wrapper\"><div class=\"w-iconbox us_custom_abc12e86 iconpos_top style_outlined color_primary align_center\"><div class=\"w-iconbox-icon\" style=\"font-size:50px;\"><i class=\"fas fa-tools\"><\/i><\/div><div class=\"w-iconbox-meta\"><h5 class=\"w-iconbox-title\">Mantenimiento<\/h5><div class=\"w-iconbox-text\"><p>Comprobaci\u00f3n del funcionamiento integral, limpieza, chequeos, ajustes, controles y termograf\u00edas de cada parte de los equipos.<\/p>\n<\/div><\/div><\/div><\/div><\/div><\/div><div class=\"vc_col-sm-6 vc_col-md-3 wpb_column vc_column_container animate_afb\" style=\"animation-delay:0.2s\"><div class=\"vc_column-inner\"><div class=\"wpb_wrapper\"><div class=\"w-iconbox us_custom_abc12e86 iconpos_top style_outlined color_primary align_center\"><div class=\"w-iconbox-icon\" style=\"font-size:50px;\"><i class=\"fas fa-pallet\"><\/i><\/div><div class=\"w-iconbox-meta\"><h5 class=\"w-iconbox-title\">Montaje y Provisi\u00f3n<\/h5><div class=\"w-iconbox-text\"><p>Se realizan seg\u00fan los detalles del fabricante, a trav\u00e9s de prueba de estanquidad y des-hidratado correspondiente en los sistemas de refrigeraci\u00f3n.<\/p>\n<\/div><\/div><\/div><\/div><\/div><\/div><div class=\"vc_col-sm-6 vc_col-md-3 wpb_column vc_column_container animate_afb\" style=\"animation-delay:0.4s\"><div class=\"vc_column-inner\"><div class=\"wpb_wrapper\"><div class=\"w-iconbox us_custom_abc12e86 iconpos_top style_outlined color_primary align_center\"><div class=\"w-iconbox-icon\" style=\"font-size:50px;\"><i class=\"fas fa-store\"><\/i><\/div><div class=\"w-iconbox-meta\"><h5 class=\"w-iconbox-title\">Venta e Instalaci\u00f3n<\/h5><div class=\"w-iconbox-text\"><p>Ventas e instalaci\u00f3n de equipos para Hogares, Oficinas, Comercios e Industrias. Equipos y unidades de \u00faltima generaci\u00f3n, con la mejor eficiencia.<\/p>\n<\/div><\/div><\/div><\/div><\/div><\/div><div class=\"vc_col-sm-6 vc_col-md-3 wpb_column vc_column_container animate_afb\" style=\"animation-delay:0.6s\"><div class=\"vc_column-inner\"><div class=\"wpb_wrapper\"><div class=\"w-iconbox us_custom_abc12e86 iconpos_top style_outlined color_primary align_center\"><div class=\"w-iconbox-icon\" style=\"font-size:50px;\"><i class=\"fas fa-file\"><\/i><\/div><div class=\"w-iconbox-meta\"><h5 class=\"w-iconbox-title\">Certificados<\/h5><div class=\"w-iconbox-text\"><p>Nuestras herramientas se encuentran certificadas por TESTO Argentina S.A.<br \/>\nComprometidos con un sistema de gesti\u00f3n de calidad de acuerdo a los requisitos<\/p>\n<\/div><\/div><\/div><\/div><\/div><\/div><\/div><div class=\"w-separator size_large\"><\/div><\/div><\/div><\/div><\/div><\/div><\/section><section class=\"l-section wpb_row height_custom color_alternate\"><div class=\"l-section-h i-cf\"><div class=\"g-cols vc_row type_default valign_middle\"><div class=\"vc_col-sm-6 wpb_column vc_column_container animate_afl\"><div class=\"vc_column-inner\"><div class=\"wpb_wrapper\"><div class=\"w-iconbox iconpos_left style_default color_secondary align_left\"><div class=\"w-iconbox-icon\" style=\"font-size:30px;\"><i class=\"fas fa-award\"><\/i><\/div><div class=\"w-iconbox-meta\"><h4 class=\"w-iconbox-title\">Pol\u00edtica de Calidad<\/h4><div class=\"w-iconbox-text\"><p>Nuestra <strong><em>Pol\u00edtica de Calidad<\/em><\/strong> a satisfacer las expectativas de los clientes, cumpliendo con los compromisos asumidos para la realizaci\u00f3n y comercializaci\u00f3n de los productos y servicios de \u201cInstalaci\u00f3n, mantenimiento y reparaci\u00f3n de equipos de refrigeraci\u00f3n y calefacci\u00f3n&#8221;, en un marco de <em><strong>Mejora Continua<\/strong><\/em>, para lo cual se compromete a adoptar un sistema de gesti\u00f3n de la calidad de acuerdo a los requisitos de la <strong>NORMA ISO 9001 2015.<\/strong><\/p>\n<\/div><\/div><\/div><div class=\"w-separator size_small\"><\/div><div class=\"w-iconbox iconpos_left style_default color_secondary align_left\"><div class=\"w-iconbox-icon\" style=\"font-size:25px;\"><i class=\"fas fa-check-double\"><\/i><\/div><div class=\"w-iconbox-meta\"><h5 class=\"w-iconbox-title\">Nuestros objetivos estrat\u00e9gicos de calidad son:<\/h5><div class=\"w-iconbox-text\"><p><strong>Satisfacer a nuestros clientes<\/strong>, consiguiendo resultados de negocio rentables que fidelicen nuestra cartera actual.<\/p>\n<p><strong>Planificar, operar, verificar y analizar<\/strong> bajo el principio de mejora continua; aumentando la participaci\u00f3n del personal y partes interesadas en los objetivos de calidad de la empresa.<\/p>\n<p><strong>Promover y desarrollar<\/strong> el potencial de todo el personal a trav\u00e9s de la capacitaci\u00f3n continua<\/p>\n<p><strong>Mantener y mejorar permanentemente<\/strong> un Sistema de la Calidad que cumpla con la Norma ISO 9001 en su \u00faltima versi\u00f3n aplicable, con los requisitos legales y reglamentarios y con esta Pol\u00edtica de la Calidad<\/p>\n<\/div><\/div><\/div><\/div><\/div><\/div><div class=\"vc_col-sm-6 wpb_column vc_column_container animate_afr\" style=\"animation-delay:0.2s\"><div class=\"vc_column-inner\"><div class=\"wpb_wrapper\"><div class=\"w-image align_center\"><div class=\"w-image-h\"><img loading=\"lazy\" decoding=\"async\" width=\"1024\" height=\"1024\" src=\"https:\/\/rentorclimatizacion.com.ar\/web\/wp-content\/uploads\/2020\/10\/06_RT_CalidadIso.jpg\" class=\"attachment-full size-full\" alt=\"imagen representativa de Iso 9001\" srcset=\"https:\/\/rentorclimatizacion.com.ar\/web\/wp-content\/uploads\/2020\/10\/06_RT_CalidadIso.jpg 1024w, https:\/\/rentorclimatizacion.com.ar\/web\/wp-content\/uploads\/2020\/10\/06_RT_CalidadIso-300x300.jpg 300w, https:\/\/rentorclimatizacion.com.ar\/web\/wp-content\/uploads\/2020\/10\/06_RT_CalidadIso-150x150.jpg 150w, https:\/\/rentorclimatizacion.com.ar\/web\/wp-content\/uploads\/2020\/10\/06_RT_CalidadIso-600x600.jpg 600w\" sizes=\"auto, (max-width: 1024px) 100vw, 1024px\" \/><\/div><\/div><\/div><\/div><\/div><\/div><\/div><\/section><section class=\"l-section wpb_row height_custom\"><div class=\"l-section-h i-cf\"><div class=\"g-cols vc_row type_default valign_top\"><div class=\"vc_col-sm-12 wpb_column vc_column_container\"><div class=\"vc_column-inner\"><div class=\"wpb_wrapper\"><div class=\"wpb_text_column\" ><div class=\"wpb_wrapper\"><h3>Proveedores<\/h3>\n<\/div><\/div>\n\t\t\t<!-- START logos REVOLUTION SLIDER 6.2.22 --><p class=\"rs-p-wp-fix\"><\/p>\n\t\t\t<rs-module-wrap id=\"rev_slider_2_1_wrapper\" data-source=\"gallery\" style=\"background:transparent;padding:0;margin:0px auto;margin-top:0;margin-bottom:0;max-width:;\">\n\t\t\t\t<rs-module id=\"rev_slider_2_1\" style=\"\" data-version=\"6.2.22\">\n\t\t\t\t\t<rs-slides>\n\t\t\t\t\t\t<rs-slide data-key=\"rs-4\" data-title=\"Slide\" data-anim=\"ei:d;eo:d;s:600;r:0;t:fade;sl:d;\">\n\t\t\t\t\t\t\t<img loading=\"lazy\" decoding=\"async\" src=\"\/\/rentorclimatizacion.com.ar\/web\/wp-content\/uploads\/2020\/10\/rt_Surrey.png\" alt=\"Surrey Aire Acondicionado\" title=\"rt_Surrey\" width=\"220\" height=\"100\" data-bg=\"f:auto;\" class=\"rev-slidebg\" data-no-retina>\n<!---->\t\t\t\t\t\t<\/rs-slide>\n\t\t\t\t\t\t<rs-slide data-key=\"rs-5\" data-title=\"Slide\" data-anim=\"ei:d;eo:d;s:600;r:0;t:fade;sl:d;\">\n\t\t\t\t\t\t\t<img loading=\"lazy\" decoding=\"async\" src=\"\/\/rentorclimatizacion.com.ar\/web\/wp-content\/uploads\/2020\/10\/rt_Westric.png\" alt=\"Empresa Westric\" title=\"rt_Westric\" width=\"220\" height=\"100\" data-bg=\"f:auto;\" class=\"rev-slidebg\" data-no-retina>\n<!---->\t\t\t\t\t\t<\/rs-slide>\n\t\t\t\t\t\t<rs-slide data-key=\"rs-6\" data-title=\"Slide\" data-anim=\"ei:d;eo:d;s:600;r:0;t:fade;sl:d;\">\n\t\t\t\t\t\t\t<img loading=\"lazy\" decoding=\"async\" src=\"\/\/rentorclimatizacion.com.ar\/web\/wp-content\/uploads\/2020\/10\/rt_Totaline.png\" alt=\"Totaline\" title=\"rt_Totaline\" width=\"220\" height=\"100\" data-bg=\"f:auto;\" class=\"rev-slidebg\" data-no-retina>\n<!---->\t\t\t\t\t\t<\/rs-slide>\n\t\t\t\t\t\t<rs-slide data-key=\"rs-7\" data-title=\"Slide\" data-anim=\"ei:d;eo:d;s:600;r:0;t:fade;sl:d;\">\n\t\t\t\t\t\t\t<img loading=\"lazy\" decoding=\"async\" src=\"\/\/rentorclimatizacion.com.ar\/web\/wp-content\/uploads\/2020\/10\/rt_Reld.png\" alt=\"Reld Refrigeraci\u00f3n + Aire Acondicionado\" title=\"rt_Reld\" width=\"220\" height=\"100\" data-bg=\"f:auto;\" class=\"rev-slidebg\" data-no-retina>\n<!---->\t\t\t\t\t\t<\/rs-slide>\n\t\t\t\t\t\t<rs-slide data-key=\"rs-8\" data-title=\"Slide\" data-anim=\"ei:d;eo:d;s:600;r:0;t:fade;sl:d;\">\n\t\t\t\t\t\t\t<img loading=\"lazy\" decoding=\"async\" src=\"\/\/rentorclimatizacion.com.ar\/web\/wp-content\/uploads\/2020\/10\/rt_Honeywell.png\" alt=\"Honeywell\" title=\"rt_Honeywell\" width=\"220\" height=\"100\" data-bg=\"f:auto;\" class=\"rev-slidebg\" data-no-retina>\n<!---->\t\t\t\t\t\t<\/rs-slide>\n\t\t\t\t\t\t<rs-slide data-key=\"rs-9\" data-title=\"Slide\" data-anim=\"ei:d;eo:d;s:600;r:0;t:fade;sl:d;\">\n\t\t\t\t\t\t\t<img loading=\"lazy\" decoding=\"async\" src=\"\/\/rentorclimatizacion.com.ar\/web\/wp-content\/uploads\/2020\/10\/rt_Tromba.png\" alt=\"Tromba Bombas Centr\u00edfugas\" title=\"rt_Tromba\" width=\"220\" height=\"100\" data-bg=\"f:auto;\" class=\"rev-slidebg\" data-no-retina>\n<!---->\t\t\t\t\t\t<\/rs-slide>\n\t\t\t\t\t\t<rs-slide data-key=\"rs-10\" data-title=\"Slide\" data-anim=\"ei:d;eo:d;s:600;r:0;t:fade;sl:d;\">\n\t\t\t\t\t\t\t<img loading=\"lazy\" decoding=\"async\" src=\"\/\/rentorclimatizacion.com.ar\/web\/wp-content\/uploads\/2020\/10\/rt_Ansal.png\" alt=\"Ansal Refrigeraci\u00f3n\" title=\"rt_Ansal\" width=\"220\" height=\"100\" data-bg=\"f:auto;\" class=\"rev-slidebg\" data-no-retina>\n<!---->\t\t\t\t\t\t<\/rs-slide>\n\t\t\t\t\t\t<rs-slide data-key=\"rs-11\" data-title=\"Slide\" data-anim=\"ei:d;eo:d;s:600;r:0;t:fade;sl:d;\">\n\t\t\t\t\t\t\t<img loading=\"lazy\" decoding=\"async\" src=\"\/\/rentorclimatizacion.com.ar\/web\/wp-content\/uploads\/2020\/10\/rt_Danfoss.png\" alt=\"Empresa Danfoss\" title=\"rt_Danfoss\" width=\"220\" height=\"100\" data-bg=\"f:auto;\" class=\"rev-slidebg\" data-no-retina>\n<!---->\t\t\t\t\t\t<\/rs-slide>\n\t\t\t\t\t\t<rs-slide data-key=\"rs-12\" data-title=\"Slide\" data-anim=\"ei:d;eo:d;s:600;r:0;t:fade;sl:d;\">\n\t\t\t\t\t\t\t<img loading=\"lazy\" decoding=\"async\" src=\"\/\/rentorclimatizacion.com.ar\/web\/wp-content\/uploads\/2020\/10\/rt_Carrier.png\" alt=\"Carrier\" title=\"rt_Carrier\" width=\"220\" height=\"100\" data-bg=\"f:auto;\" class=\"rev-slidebg\" data-no-retina>\n<!---->\t\t\t\t\t\t<\/rs-slide>\n\t\t\t\t\t<\/rs-slides>\n\t\t\t\t<\/rs-module>\n\t\t\t\t<script type=\"text\/javascript\">\n\t\t\t\t\tsetREVStartSize({c: 'rev_slider_2_1',rl:[1240,1024,778,480],el:[110],gw:[240],gh:[110],type:'carousel',justify:'',layout:'fullwidth',mh:\"0\"});\n\t\t\t\t\tvar\trevapi2,\n\t\t\t\t\t\ttpj;\n\t\t\t\t\tfunction revinit_revslider21() {\n\t\t\t\t\tjQuery(function() {\n\t\t\t\t\t\ttpj = jQuery;\n\t\t\t\t\t\trevapi2 = tpj(\"#rev_slider_2_1\");\n\t\t\t\t\t\tif(revapi2==undefined || revapi2.revolution == undefined){\n\t\t\t\t\t\t\trevslider_showDoubleJqueryError(\"rev_slider_2_1\");\n\t\t\t\t\t\t}else{\n\t\t\t\t\t\t\trevapi2.revolution({\n\t\t\t\t\t\t\t\tsliderType:\"carousel\",\n\t\t\t\t\t\t\t\tduration:2000,\n\t\t\t\t\t\t\t\tvisibilityLevels:\"1240,1024,778,480\",\n\t\t\t\t\t\t\t\tgridwidth:240,\n\t\t\t\t\t\t\t\tgridheight:110,\n\t\t\t\t\t\t\t\tspinner:\"spinner0\",\n\t\t\t\t\t\t\t\tperspective:600,\n\t\t\t\t\t\t\t\tperspectiveType:\"local\",\n\t\t\t\t\t\t\t\teditorheight:\"110,768,960,720\",\n\t\t\t\t\t\t\t\tresponsiveLevels:\"1240,1024,778,480\",\n\t\t\t\t\t\t\t\tstartWithSlide:3,\n\t\t\t\t\t\t\t\tcarousel: {\n\t\t\t\t\t\t\t\t\tinfinity:true,\n\t\t\t\t\t\t\t\t\tspace:20,\n\t\t\t\t\t\t\t\t\tmaxVisibleItems:5\n\t\t\t\t\t\t\t\t},\n\t\t\t\t\t\t\t\tprogressBar:{disableProgressBar:true},\n\t\t\t\t\t\t\t\tnavigation: {\n\t\t\t\t\t\t\t\t\tonHoverStop:false\n\t\t\t\t\t\t\t\t},\n\t\t\t\t\t\t\t\tfallbacks: {\n\t\t\t\t\t\t\t\t\tallowHTML5AutoPlayOnAndroid:true\n\t\t\t\t\t\t\t\t},\n\t\t\t\t\t\t\t});\n\t\t\t\t\t\t}\n\t\t\t\t\t\t\n\t\t\t\t\t});\n\t\t\t\t\t} \/\/ End of RevInitScript\n\t\t\t\tvar once_revslider21 = false;\n\t\t\t\tif (document.readyState === \"loading\") {document.addEventListener('readystatechange',function() { if((document.readyState === \"interactive\" || document.readyState === \"complete\") && !once_revslider21 ) { once_revslider21 = true; revinit_revslider21();}});} else {once_revslider21 = true; revinit_revslider21();}\n\t\t\t\t<\/script>\n\t\t\t<\/rs-module-wrap>\n\t\t\t<!-- END REVOLUTION SLIDER -->\n<\/div><\/div><\/div><\/div><\/div><\/section>\n","protected":false},"excerpt":{"rendered":"En Rentor Climatizaci\u00f3n proporcionamos los siguientes servicios: Asesor\u00eda y an\u00e1lisis de necesidades Optimizaci\u00f3n de Recursos e Instalaciones Venta de Sistemas de Aire Acondicionado Instalaciones y puesta en marcha Mantenimiento de equipos e instalaciones Capacitaci\u00f3n a los usuarios finales Servicio de post venta Proyectos, dise\u00f1o, c\u00e1lculo y selecci\u00f3n de sistema a implementar. Servicios MantenimientoComprobaci\u00f3n del funcionamiento...","protected":false},"author":2,"featured_media":0,"parent":0,"menu_order":0,"comment_status":"closed","ping_status":"closed","template":"","meta":{"footnotes":""},"class_list":["post-4307","page","type-page","status-publish","hentry"],"yoast_head":"<!-- This site is optimized with the Yoast SEO plugin v26.3 - https:\/\/yoast.com\/wordpress\/plugins\/seo\/ -->\n<title>Servicios - Rentor Climatizaci\u00f3n<\/title>\n<meta name=\"description\" content=\"En Rentor Climatizaci\u00f3n proporcionamos los siguientes servicios: Asesor\u00eda, an\u00e1lisis, mantenimiento de equipos y Venta de Aire Acondicionado.\" \/>\n<meta name=\"robots\" content=\"index, follow, max-snippet:-1, max-image-preview:large, max-video-preview:-1\" \/>\n<link rel=\"canonical\" href=\"https:\/\/rentorclimatizacion.com.ar\/web\/servicios\/\" \/>\n<meta property=\"og:locale\" content=\"es_ES\" \/>\n<meta property=\"og:type\" content=\"article\" \/>\n<meta property=\"og:title\" content=\"Servicios - Rentor Climatizaci\u00f3n\" \/>\n<meta property=\"og:description\" content=\"En Rentor Climatizaci\u00f3n proporcionamos los siguientes servicios: Asesor\u00eda, an\u00e1lisis, mantenimiento de equipos y Venta de Aire Acondicionado.\" \/>\n<meta property=\"og:url\" content=\"https:\/\/rentorclimatizacion.com.ar\/web\/servicios\/\" \/>\n<meta property=\"og:site_name\" content=\"Rentor Climatizaci\u00f3n\" \/>\n<meta property=\"article:modified_time\" content=\"2020-10-21T17:53:00+00:00\" \/>\n<meta name=\"twitter:card\" content=\"summary_large_image\" \/>\n<meta name=\"twitter:label1\" content=\"Tiempo de lectura\" \/>\n\t<meta name=\"twitter:data1\" content=\"3 minutos\" \/>\n<script type=\"application\/ld+json\" class=\"yoast-schema-graph\">{\"@context\":\"https:\/\/schema.org\",\"@graph\":[{\"@type\":\"WebPage\",\"@id\":\"https:\/\/rentorclimatizacion.com.ar\/web\/servicios\/\",\"url\":\"https:\/\/rentorclimatizacion.com.ar\/web\/servicios\/\",\"name\":\"Servicios - Rentor Climatizaci\u00f3n\",\"isPartOf\":{\"@id\":\"https:\/\/rentorclimatizacion.com.ar\/web\/#website\"},\"datePublished\":\"2015-10-21T09:31:45+00:00\",\"dateModified\":\"2020-10-21T17:53:00+00:00\",\"description\":\"En Rentor Climatizaci\u00f3n proporcionamos los siguientes servicios: Asesor\u00eda, an\u00e1lisis, mantenimiento de equipos y Venta de Aire Acondicionado.\",\"breadcrumb\":{\"@id\":\"https:\/\/rentorclimatizacion.com.ar\/web\/servicios\/#breadcrumb\"},\"inLanguage\":\"es-AR\",\"potentialAction\":[{\"@type\":\"ReadAction\",\"target\":[\"https:\/\/rentorclimatizacion.com.ar\/web\/servicios\/\"]}]},{\"@type\":\"BreadcrumbList\",\"@id\":\"https:\/\/rentorclimatizacion.com.ar\/web\/servicios\/#breadcrumb\",\"itemListElement\":[{\"@type\":\"ListItem\",\"position\":1,\"name\":\"Inicio\",\"item\":\"https:\/\/rentorclimatizacion.com.ar\/web\/\"},{\"@type\":\"ListItem\",\"position\":2,\"name\":\"Servicios\"}]},{\"@type\":\"WebSite\",\"@id\":\"https:\/\/rentorclimatizacion.com.ar\/web\/#website\",\"url\":\"https:\/\/rentorclimatizacion.com.ar\/web\/\",\"name\":\"Rentor Climatizaci\u00f3n\",\"description\":\"Servicios Integrales en Aires Acondicionados\",\"potentialAction\":[{\"@type\":\"SearchAction\",\"target\":{\"@type\":\"EntryPoint\",\"urlTemplate\":\"https:\/\/rentorclimatizacion.com.ar\/web\/?s={search_term_string}\"},\"query-input\":{\"@type\":\"PropertyValueSpecification\",\"valueRequired\":true,\"valueName\":\"search_term_string\"}}],\"inLanguage\":\"es-AR\"}]}<\/script>\n<!-- \/ Yoast SEO plugin. -->","yoast_head_json":{"title":"Servicios - Rentor Climatizaci\u00f3n","description":"En Rentor Climatizaci\u00f3n proporcionamos los siguientes servicios: Asesor\u00eda, an\u00e1lisis, mantenimiento de equipos y Venta de Aire Acondicionado.","robots":{"index":"index","follow":"follow","max-snippet":"max-snippet:-1","max-image-preview":"max-image-preview:large","max-video-preview":"max-video-preview:-1"},"canonical":"https:\/\/rentorclimatizacion.com.ar\/web\/servicios\/","og_locale":"es_ES","og_type":"article","og_title":"Servicios - Rentor Climatizaci\u00f3n","og_description":"En Rentor Climatizaci\u00f3n proporcionamos los siguientes servicios: Asesor\u00eda, an\u00e1lisis, mantenimiento de equipos y Venta de Aire Acondicionado.","og_url":"https:\/\/rentorclimatizacion.com.ar\/web\/servicios\/","og_site_name":"Rentor Climatizaci\u00f3n","article_modified_time":"2020-10-21T17:53:00+00:00","twitter_card":"summary_large_image","twitter_misc":{"Tiempo de lectura":"3 minutos"},"schema":{"@context":"https:\/\/schema.org","@graph":[{"@type":"WebPage","@id":"https:\/\/rentorclimatizacion.com.ar\/web\/servicios\/","url":"https:\/\/rentorclimatizacion.com.ar\/web\/servicios\/","name":"Servicios - Rentor Climatizaci\u00f3n","isPartOf":{"@id":"https:\/\/rentorclimatizacion.com.ar\/web\/#website"},"datePublished":"2015-10-21T09:31:45+00:00","dateModified":"2020-10-21T17:53:00+00:00","description":"En Rentor Climatizaci\u00f3n proporcionamos los siguientes servicios: Asesor\u00eda, an\u00e1lisis, mantenimiento de equipos y Venta de Aire Acondicionado.","breadcrumb":{"@id":"https:\/\/rentorclimatizacion.com.ar\/web\/servicios\/#breadcrumb"},"inLanguage":"es-AR","potentialAction":[{"@type":"ReadAction","target":["https:\/\/rentorclimatizacion.com.ar\/web\/servicios\/"]}]},{"@type":"BreadcrumbList","@id":"https:\/\/rentorclimatizacion.com.ar\/web\/servicios\/#breadcrumb","itemListElement":[{"@type":"ListItem","position":1,"name":"Inicio","item":"https:\/\/rentorclimatizacion.com.ar\/web\/"},{"@type":"ListItem","position":2,"name":"Servicios"}]},{"@type":"WebSite","@id":"https:\/\/rentorclimatizacion.com.ar\/web\/#website","url":"https:\/\/rentorclimatizacion.com.ar\/web\/","name":"Rentor Climatizaci\u00f3n","description":"Servicios Integrales en Aires Acondicionados","potentialAction":[{"@type":"SearchAction","target":{"@type":"EntryPoint","urlTemplate":"https:\/\/rentorclimatizacion.com.ar\/web\/?s={search_term_string}"},"query-input":{"@type":"PropertyValueSpecification","valueRequired":true,"valueName":"search_term_string"}}],"inLanguage":"es-AR"}]}},"_links":{"self":[{"href":"https:\/\/rentorclimatizacion.com.ar\/web\/wp-json\/wp\/v2\/pages\/4307","targetHints":{"allow":["GET"]}}],"collection":[{"href":"https:\/\/rentorclimatizacion.com.ar\/web\/wp-json\/wp\/v2\/pages"}],"about":[{"href":"https:\/\/rentorclimatizacion.com.ar\/web\/wp-json\/wp\/v2\/types\/page"}],"author":[{"embeddable":true,"href":"https:\/\/rentorclimatizacion.com.ar\/web\/wp-json\/wp\/v2\/users\/2"}],"replies":[{"embeddable":true,"href":"https:\/\/rentorclimatizacion.com.ar\/web\/wp-json\/wp\/v2\/comments?post=4307"}],"version-history":[{"count":54,"href":"https:\/\/rentorclimatizacion.com.ar\/web\/wp-json\/wp\/v2\/pages\/4307\/revisions"}],"predecessor-version":[{"id":6612,"href":"https:\/\/rentorclimatizacion.com.ar\/web\/wp-json\/wp\/v2\/pages\/4307\/revisions\/6612"}],"wp:attachment":[{"href":"https:\/\/rentorclimatizacion.com.ar\/web\/wp-json\/wp\/v2\/media?parent=4307"}],"curies":[{"name":"wp","href":"https:\/\/api.w.org\/{rel}","templated":true}]}}