{"id":6599,"date":"2020-10-14T12:23:47","date_gmt":"2020-10-14T15:23:47","guid":{"rendered":"http:\/\/rentorclimatizacion.com.ar\/web\/?page_id=6599"},"modified":"2021-06-11T09:38:48","modified_gmt":"2021-06-11T12:38:48","slug":"nosotros","status":"publish","type":"page","link":"https:\/\/rentorclimatizacion.com.ar\/web\/nosotros\/","title":{"rendered":"Nosotros"},"content":{"rendered":"<section class=\"l-section wpb_row height_custom\"><div class=\"l-section-h i-cf\"><div class=\"g-cols vc_row type_default valign_top\"><div class=\"vc_col-sm-12 wpb_column vc_column_container\"><div class=\"vc_column-inner\"><div class=\"wpb_wrapper\"><div class=\"g-cols wpb_row  type_default valign_middle vc_inner\"><div class=\"vc_col-sm-6 wpb_column vc_column_container animate_afl\"><div class=\"vc_column-inner\"><div class=\"wpb_wrapper\"><div class=\"w-iconbox iconpos_left style_default color_primary align_left icontype_img\"><div class=\"w-iconbox-icon\" style=\"font-size:70px;\"><img loading=\"lazy\" decoding=\"async\" width=\"600\" height=\"600\" src=\"https:\/\/rentorclimatizacion.com.ar\/web\/wp-content\/uploads\/2021\/06\/logo-ico-Rentor.png\" class=\"attachment-full size-full\" alt=\"\" srcset=\"https:\/\/rentorclimatizacion.com.ar\/web\/wp-content\/uploads\/2021\/06\/logo-ico-Rentor.png 600w, https:\/\/rentorclimatizacion.com.ar\/web\/wp-content\/uploads\/2021\/06\/logo-ico-Rentor-300x300.png 300w, https:\/\/rentorclimatizacion.com.ar\/web\/wp-content\/uploads\/2021\/06\/logo-ico-Rentor-150x150.png 150w\" sizes=\"auto, (max-width: 600px) 100vw, 600px\" \/><\/div><div class=\"w-iconbox-meta\"><h4 class=\"w-iconbox-title\">Acerca de Nosotros<\/h4><div class=\"w-iconbox-text\"><p>Nuestra empresa, en sus inicios, all\u00e1 por 1969 comenz\u00f3 el nombre de <strong>GELTOR S.A.<\/strong>, siendo en ese momento servicio mec\u00e1nico oficial de la f\u00e1brica Surrey; ya que, sus fundadores fueron parte del equipo t\u00e9cnico de la prestigiosa empresa nacional.<\/p>\n<p>En el 2002, nos reconfiguramos dando origen a <strong>RENTOR S.R.L.<\/strong>, con la experiencia adquirida en 32 a\u00f1os de trayectoria, cumpliendo con los pilares que nos formaron: seriedad, animosidad y predisposici\u00f3n.<br \/>\nSomos hoy una empresa de servicios en aire acondicionado, calefacci\u00f3n, mantenimiento integral y proyectos de climatizaci\u00f3n; con el mismo personal directivo que nos sostuvo en \u00e9ste campo laboral todos estos a\u00f1os.<\/p>\n<\/div><\/div><\/div><\/div><\/div><\/div><div class=\"vc_col-sm-6 wpb_column vc_column_container animate_afr\" style=\"animation-delay:0.2s\"><div class=\"vc_column-inner\"><div class=\"wpb_wrapper\"><div class=\"w-image style_shadow-1 align_center animate_afr\"><div class=\"w-image-h\"><img loading=\"lazy\" decoding=\"async\" width=\"1024\" height=\"1024\" src=\"https:\/\/rentorclimatizacion.com.ar\/web\/wp-content\/uploads\/2020\/10\/RT_EdificioEsmeralda-03.jpg\" class=\"attachment-full size-full\" alt=\"Personal de Rentor revisando tablero de control de la unidad central de aire.\" srcset=\"https:\/\/rentorclimatizacion.com.ar\/web\/wp-content\/uploads\/2020\/10\/RT_EdificioEsmeralda-03.jpg 1024w, https:\/\/rentorclimatizacion.com.ar\/web\/wp-content\/uploads\/2020\/10\/RT_EdificioEsmeralda-03-300x300.jpg 300w, https:\/\/rentorclimatizacion.com.ar\/web\/wp-content\/uploads\/2020\/10\/RT_EdificioEsmeralda-03-150x150.jpg 150w, https:\/\/rentorclimatizacion.com.ar\/web\/wp-content\/uploads\/2020\/10\/RT_EdificioEsmeralda-03-600x600.jpg 600w\" sizes=\"auto, (max-width: 1024px) 100vw, 1024px\" \/><\/div><\/div><\/div><\/div><\/div><\/div><\/div><\/div><\/div><\/div><\/div><\/section><section class=\"l-section wpb_row height_small with_overlay\"><div class=\"l-section-overlay\" style=\"background: #f5f5f5\"><\/div><div class=\"l-section-h i-cf\"><div class=\"g-cols vc_row type_default valign_top gap-10px\"><style>.g-cols.gap-10px{margin:0 calc(-1.5rem - 10px)}.gap-10px > .vc_column_container {padding:10px}<\/style><div class=\"vc_col-sm-4 wpb_column vc_column_container animate_afb\"><div class=\"vc_column-inner\"><div class=\"wpb_wrapper\"><div class=\"w-iconbox iconpos_top style_outlined color_primary align_center no_title no_text\"><div class=\"w-iconbox-icon\" style=\"font-size:50px;\"><i class=\"fas fa-bullseye-pointer\"><\/i><\/div><div class=\"w-iconbox-meta\"><\/div><\/div><div class=\"wpb_text_column\" ><div class=\"wpb_wrapper\"><h4 style=\"text-align: center;\"><strong>Misi\u00f3n<\/strong><\/h4>\n<p style=\"text-align: center;\">Crear espacios y ambientes confortables para nuestros clientes, dando respuesta a sus necesidades, poniendo especial \u00e9nfasis en la calidad de nuestros productos y el servicio de post venta.<\/p>\n<\/div><\/div><\/div><\/div><\/div><div class=\"vc_col-sm-4 wpb_column vc_column_container animate_afb\" style=\"animation-delay:0.2s\"><div class=\"vc_column-inner\"><div class=\"wpb_wrapper\"><div class=\"w-iconbox iconpos_top style_outlined color_primary align_center no_title no_text\"><div class=\"w-iconbox-icon\" style=\"font-size:50px;\"><i class=\"fas fa-eye\"><\/i><\/div><div class=\"w-iconbox-meta\"><\/div><\/div><div class=\"wpb_text_column\" ><div class=\"wpb_wrapper\"><h4 style=\"text-align: center;\"><strong>Visi\u00f3n<\/strong><\/h4>\n<p style=\"text-align: center;\">Es nuestra premisa fundamental asesorar en la selecci\u00f3n del sistema equipo y tecnolog\u00eda m\u00e1s eficiente, obteniendo como resultado un equilibrio entre producto, costo y ahorro energ\u00e9tico.<\/p>\n<\/div><\/div><\/div><\/div><\/div><div class=\"vc_col-sm-4 wpb_column vc_column_container animate_afb\" style=\"animation-delay:0.4s\"><div class=\"vc_column-inner\"><div class=\"wpb_wrapper\"><div class=\"w-iconbox iconpos_top style_outlined color_primary align_center no_title no_text\"><div class=\"w-iconbox-icon\" style=\"font-size:50px;\"><i class=\"fas fa-handshake\"><\/i><\/div><div class=\"w-iconbox-meta\"><\/div><\/div><div class=\"wpb_text_column\" ><div class=\"wpb_wrapper\"><h4 style=\"text-align: center;\"><strong>Valor<\/strong><\/h4>\n<p style=\"text-align: center;\">Contamos con m\u00e1s de 300 obras ejecutadas, todas efectuadas con tecnolog\u00eda de \u00faltima generaci\u00f3n. La calidad y la atenci\u00f3n al cliente, dedicada y personalizada, son la base fundamental de nuestro equipo de trabajo.<\/p>\n<\/div><\/div><\/div><\/div><\/div><\/div><\/div><\/section><section class=\"l-section wpb_row height_custom\"><div class=\"l-section-h i-cf\"><div class=\"g-cols vc_row type_default valign_top\"><div class=\"vc_col-sm-12 wpb_column vc_column_container\"><div class=\"vc_column-inner\"><div class=\"wpb_wrapper\"><div class=\"wpb_text_column\" ><div class=\"wpb_wrapper\"><h3>Proveedores<\/h3>\n<\/div><\/div>\n\t\t\t<!-- START logos REVOLUTION SLIDER 6.2.22 --><p class=\"rs-p-wp-fix\"><\/p>\n\t\t\t<rs-module-wrap id=\"rev_slider_2_1_wrapper\" data-source=\"gallery\" style=\"background:transparent;padding:0;margin:0px auto;margin-top:0;margin-bottom:0;max-width:;\">\n\t\t\t\t<rs-module id=\"rev_slider_2_1\" style=\"\" data-version=\"6.2.22\">\n\t\t\t\t\t<rs-slides>\n\t\t\t\t\t\t<rs-slide data-key=\"rs-4\" data-title=\"Slide\" data-anim=\"ei:d;eo:d;s:600;r:0;t:fade;sl:d;\">\n\t\t\t\t\t\t\t<img loading=\"lazy\" decoding=\"async\" src=\"\/\/rentorclimatizacion.com.ar\/web\/wp-content\/uploads\/2020\/10\/rt_Surrey.png\" alt=\"Surrey Aire Acondicionado\" title=\"rt_Surrey\" width=\"220\" height=\"100\" data-bg=\"f:auto;\" class=\"rev-slidebg\" data-no-retina>\n<!---->\t\t\t\t\t\t<\/rs-slide>\n\t\t\t\t\t\t<rs-slide data-key=\"rs-5\" data-title=\"Slide\" data-anim=\"ei:d;eo:d;s:600;r:0;t:fade;sl:d;\">\n\t\t\t\t\t\t\t<img loading=\"lazy\" decoding=\"async\" src=\"\/\/rentorclimatizacion.com.ar\/web\/wp-content\/uploads\/2020\/10\/rt_Westric.png\" alt=\"Empresa Westric\" title=\"rt_Westric\" width=\"220\" height=\"100\" data-bg=\"f:auto;\" class=\"rev-slidebg\" data-no-retina>\n<!---->\t\t\t\t\t\t<\/rs-slide>\n\t\t\t\t\t\t<rs-slide data-key=\"rs-6\" data-title=\"Slide\" data-anim=\"ei:d;eo:d;s:600;r:0;t:fade;sl:d;\">\n\t\t\t\t\t\t\t<img loading=\"lazy\" decoding=\"async\" src=\"\/\/rentorclimatizacion.com.ar\/web\/wp-content\/uploads\/2020\/10\/rt_Totaline.png\" alt=\"Totaline\" title=\"rt_Totaline\" width=\"220\" height=\"100\" data-bg=\"f:auto;\" class=\"rev-slidebg\" data-no-retina>\n<!---->\t\t\t\t\t\t<\/rs-slide>\n\t\t\t\t\t\t<rs-slide data-key=\"rs-7\" data-title=\"Slide\" data-anim=\"ei:d;eo:d;s:600;r:0;t:fade;sl:d;\">\n\t\t\t\t\t\t\t<img loading=\"lazy\" decoding=\"async\" src=\"\/\/rentorclimatizacion.com.ar\/web\/wp-content\/uploads\/2020\/10\/rt_Reld.png\" alt=\"Reld Refrigeraci\u00f3n + Aire Acondicionado\" title=\"rt_Reld\" width=\"220\" height=\"100\" data-bg=\"f:auto;\" class=\"rev-slidebg\" data-no-retina>\n<!---->\t\t\t\t\t\t<\/rs-slide>\n\t\t\t\t\t\t<rs-slide data-key=\"rs-8\" data-title=\"Slide\" data-anim=\"ei:d;eo:d;s:600;r:0;t:fade;sl:d;\">\n\t\t\t\t\t\t\t<img loading=\"lazy\" decoding=\"async\" src=\"\/\/rentorclimatizacion.com.ar\/web\/wp-content\/uploads\/2020\/10\/rt_Honeywell.png\" alt=\"Honeywell\" title=\"rt_Honeywell\" width=\"220\" height=\"100\" data-bg=\"f:auto;\" class=\"rev-slidebg\" data-no-retina>\n<!---->\t\t\t\t\t\t<\/rs-slide>\n\t\t\t\t\t\t<rs-slide data-key=\"rs-9\" data-title=\"Slide\" data-anim=\"ei:d;eo:d;s:600;r:0;t:fade;sl:d;\">\n\t\t\t\t\t\t\t<img loading=\"lazy\" decoding=\"async\" src=\"\/\/rentorclimatizacion.com.ar\/web\/wp-content\/uploads\/2020\/10\/rt_Tromba.png\" alt=\"Tromba Bombas Centr\u00edfugas\" title=\"rt_Tromba\" width=\"220\" height=\"100\" data-bg=\"f:auto;\" class=\"rev-slidebg\" data-no-retina>\n<!---->\t\t\t\t\t\t<\/rs-slide>\n\t\t\t\t\t\t<rs-slide data-key=\"rs-10\" data-title=\"Slide\" data-anim=\"ei:d;eo:d;s:600;r:0;t:fade;sl:d;\">\n\t\t\t\t\t\t\t<img loading=\"lazy\" decoding=\"async\" src=\"\/\/rentorclimatizacion.com.ar\/web\/wp-content\/uploads\/2020\/10\/rt_Ansal.png\" alt=\"Ansal Refrigeraci\u00f3n\" title=\"rt_Ansal\" width=\"220\" height=\"100\" data-bg=\"f:auto;\" class=\"rev-slidebg\" data-no-retina>\n<!---->\t\t\t\t\t\t<\/rs-slide>\n\t\t\t\t\t\t<rs-slide data-key=\"rs-11\" data-title=\"Slide\" data-anim=\"ei:d;eo:d;s:600;r:0;t:fade;sl:d;\">\n\t\t\t\t\t\t\t<img loading=\"lazy\" decoding=\"async\" src=\"\/\/rentorclimatizacion.com.ar\/web\/wp-content\/uploads\/2020\/10\/rt_Danfoss.png\" alt=\"Empresa Danfoss\" title=\"rt_Danfoss\" width=\"220\" height=\"100\" data-bg=\"f:auto;\" class=\"rev-slidebg\" data-no-retina>\n<!---->\t\t\t\t\t\t<\/rs-slide>\n\t\t\t\t\t\t<rs-slide data-key=\"rs-12\" data-title=\"Slide\" data-anim=\"ei:d;eo:d;s:600;r:0;t:fade;sl:d;\">\n\t\t\t\t\t\t\t<img loading=\"lazy\" decoding=\"async\" src=\"\/\/rentorclimatizacion.com.ar\/web\/wp-content\/uploads\/2020\/10\/rt_Carrier.png\" alt=\"Carrier\" title=\"rt_Carrier\" width=\"220\" height=\"100\" data-bg=\"f:auto;\" class=\"rev-slidebg\" data-no-retina>\n<!---->\t\t\t\t\t\t<\/rs-slide>\n\t\t\t\t\t<\/rs-slides>\n\t\t\t\t<\/rs-module>\n\t\t\t\t<script type=\"text\/javascript\">\n\t\t\t\t\tsetREVStartSize({c: 'rev_slider_2_1',rl:[1240,1024,778,480],el:[110],gw:[240],gh:[110],type:'carousel',justify:'',layout:'fullwidth',mh:\"0\"});\n\t\t\t\t\tvar\trevapi2,\n\t\t\t\t\t\ttpj;\n\t\t\t\t\tfunction revinit_revslider21() {\n\t\t\t\t\tjQuery(function() {\n\t\t\t\t\t\ttpj = jQuery;\n\t\t\t\t\t\trevapi2 = tpj(\"#rev_slider_2_1\");\n\t\t\t\t\t\tif(revapi2==undefined || revapi2.revolution == undefined){\n\t\t\t\t\t\t\trevslider_showDoubleJqueryError(\"rev_slider_2_1\");\n\t\t\t\t\t\t}else{\n\t\t\t\t\t\t\trevapi2.revolution({\n\t\t\t\t\t\t\t\tsliderType:\"carousel\",\n\t\t\t\t\t\t\t\tduration:2000,\n\t\t\t\t\t\t\t\tvisibilityLevels:\"1240,1024,778,480\",\n\t\t\t\t\t\t\t\tgridwidth:240,\n\t\t\t\t\t\t\t\tgridheight:110,\n\t\t\t\t\t\t\t\tspinner:\"spinner0\",\n\t\t\t\t\t\t\t\tperspective:600,\n\t\t\t\t\t\t\t\tperspectiveType:\"local\",\n\t\t\t\t\t\t\t\teditorheight:\"110,768,960,720\",\n\t\t\t\t\t\t\t\tresponsiveLevels:\"1240,1024,778,480\",\n\t\t\t\t\t\t\t\tstartWithSlide:3,\n\t\t\t\t\t\t\t\tcarousel: {\n\t\t\t\t\t\t\t\t\tinfinity:true,\n\t\t\t\t\t\t\t\t\tspace:20,\n\t\t\t\t\t\t\t\t\tmaxVisibleItems:5\n\t\t\t\t\t\t\t\t},\n\t\t\t\t\t\t\t\tprogressBar:{disableProgressBar:true},\n\t\t\t\t\t\t\t\tnavigation: {\n\t\t\t\t\t\t\t\t\tonHoverStop:false\n\t\t\t\t\t\t\t\t},\n\t\t\t\t\t\t\t\tfallbacks: {\n\t\t\t\t\t\t\t\t\tallowHTML5AutoPlayOnAndroid:true\n\t\t\t\t\t\t\t\t},\n\t\t\t\t\t\t\t});\n\t\t\t\t\t\t}\n\t\t\t\t\t\t\n\t\t\t\t\t});\n\t\t\t\t\t} \/\/ End of RevInitScript\n\t\t\t\tvar once_revslider21 = false;\n\t\t\t\tif (document.readyState === \"loading\") {document.addEventListener('readystatechange',function() { if((document.readyState === \"interactive\" || document.readyState === \"complete\") && !once_revslider21 ) { once_revslider21 = true; revinit_revslider21();}});} else {once_revslider21 = true; revinit_revslider21();}\n\t\t\t\t<\/script>\n\t\t\t<\/rs-module-wrap>\n\t\t\t<!-- END REVOLUTION SLIDER -->\n<\/div><\/div><\/div><\/div><\/div><\/section>\n","protected":false},"excerpt":{"rendered":"Acerca de NosotrosNuestra empresa, en sus inicios, all\u00e1 por 1969 comenz\u00f3 el nombre de GELTOR S.A., siendo en ese momento servicio mec\u00e1nico oficial de la f\u00e1brica Surrey; ya que, sus fundadores fueron parte del equipo t\u00e9cnico de la prestigiosa empresa nacional. En el 2002, nos reconfiguramos dando origen a RENTOR S.R.L., con la experiencia adquirida...","protected":false},"author":2,"featured_media":0,"parent":0,"menu_order":0,"comment_status":"closed","ping_status":"closed","template":"","meta":{"footnotes":""},"class_list":["post-6599","page","type-page","status-publish","hentry"],"yoast_head":"<!-- This site is optimized with the Yoast SEO plugin v26.3 - https:\/\/yoast.com\/wordpress\/plugins\/seo\/ -->\n<title>Nosotros - Rentor Climatizaci\u00f3n<\/title>\n<meta name=\"description\" content=\"Somos hoy una empresa de servicios en aire acondicionado, calefacci\u00f3n, mantenimiento integral y proyectos de climatizaci\u00f3n.\" \/>\n<meta name=\"robots\" content=\"index, follow, max-snippet:-1, max-image-preview:large, max-video-preview:-1\" \/>\n<link rel=\"canonical\" href=\"https:\/\/rentorclimatizacion.com.ar\/web\/nosotros\/\" \/>\n<meta property=\"og:locale\" content=\"es_ES\" \/>\n<meta property=\"og:type\" content=\"article\" \/>\n<meta property=\"og:title\" content=\"Nosotros - Rentor Climatizaci\u00f3n\" \/>\n<meta property=\"og:description\" content=\"Somos hoy una empresa de servicios en aire acondicionado, calefacci\u00f3n, mantenimiento integral y proyectos de climatizaci\u00f3n.\" \/>\n<meta property=\"og:url\" content=\"https:\/\/rentorclimatizacion.com.ar\/web\/nosotros\/\" \/>\n<meta property=\"og:site_name\" content=\"Rentor Climatizaci\u00f3n\" \/>\n<meta property=\"article:modified_time\" content=\"2021-06-11T12:38:48+00:00\" \/>\n<meta name=\"twitter:card\" content=\"summary_large_image\" \/>\n<meta name=\"twitter:label1\" content=\"Tiempo de lectura\" \/>\n\t<meta name=\"twitter:data1\" content=\"2 minutos\" \/>\n<script type=\"application\/ld+json\" class=\"yoast-schema-graph\">{\"@context\":\"https:\/\/schema.org\",\"@graph\":[{\"@type\":\"WebPage\",\"@id\":\"https:\/\/rentorclimatizacion.com.ar\/web\/nosotros\/\",\"url\":\"https:\/\/rentorclimatizacion.com.ar\/web\/nosotros\/\",\"name\":\"Nosotros - Rentor Climatizaci\u00f3n\",\"isPartOf\":{\"@id\":\"https:\/\/rentorclimatizacion.com.ar\/web\/#website\"},\"datePublished\":\"2020-10-14T15:23:47+00:00\",\"dateModified\":\"2021-06-11T12:38:48+00:00\",\"description\":\"Somos hoy una empresa de servicios en aire acondicionado, calefacci\u00f3n, mantenimiento integral y proyectos de climatizaci\u00f3n.\",\"breadcrumb\":{\"@id\":\"https:\/\/rentorclimatizacion.com.ar\/web\/nosotros\/#breadcrumb\"},\"inLanguage\":\"es-AR\",\"potentialAction\":[{\"@type\":\"ReadAction\",\"target\":[\"https:\/\/rentorclimatizacion.com.ar\/web\/nosotros\/\"]}]},{\"@type\":\"BreadcrumbList\",\"@id\":\"https:\/\/rentorclimatizacion.com.ar\/web\/nosotros\/#breadcrumb\",\"itemListElement\":[{\"@type\":\"ListItem\",\"position\":1,\"name\":\"Inicio\",\"item\":\"https:\/\/rentorclimatizacion.com.ar\/web\/\"},{\"@type\":\"ListItem\",\"position\":2,\"name\":\"Nosotros\"}]},{\"@type\":\"WebSite\",\"@id\":\"https:\/\/rentorclimatizacion.com.ar\/web\/#website\",\"url\":\"https:\/\/rentorclimatizacion.com.ar\/web\/\",\"name\":\"Rentor Climatizaci\u00f3n\",\"description\":\"Servicios Integrales en Aires Acondicionados\",\"potentialAction\":[{\"@type\":\"SearchAction\",\"target\":{\"@type\":\"EntryPoint\",\"urlTemplate\":\"https:\/\/rentorclimatizacion.com.ar\/web\/?s={search_term_string}\"},\"query-input\":{\"@type\":\"PropertyValueSpecification\",\"valueRequired\":true,\"valueName\":\"search_term_string\"}}],\"inLanguage\":\"es-AR\"}]}<\/script>\n<!-- \/ Yoast SEO plugin. -->","yoast_head_json":{"title":"Nosotros - Rentor Climatizaci\u00f3n","description":"Somos hoy una empresa de servicios en aire acondicionado, calefacci\u00f3n, mantenimiento integral y proyectos de climatizaci\u00f3n.","robots":{"index":"index","follow":"follow","max-snippet":"max-snippet:-1","max-image-preview":"max-image-preview:large","max-video-preview":"max-video-preview:-1"},"canonical":"https:\/\/rentorclimatizacion.com.ar\/web\/nosotros\/","og_locale":"es_ES","og_type":"article","og_title":"Nosotros - Rentor Climatizaci\u00f3n","og_description":"Somos hoy una empresa de servicios en aire acondicionado, calefacci\u00f3n, mantenimiento integral y proyectos de climatizaci\u00f3n.","og_url":"https:\/\/rentorclimatizacion.com.ar\/web\/nosotros\/","og_site_name":"Rentor Climatizaci\u00f3n","article_modified_time":"2021-06-11T12:38:48+00:00","twitter_card":"summary_large_image","twitter_misc":{"Tiempo de lectura":"2 minutos"},"schema":{"@context":"https:\/\/schema.org","@graph":[{"@type":"WebPage","@id":"https:\/\/rentorclimatizacion.com.ar\/web\/nosotros\/","url":"https:\/\/rentorclimatizacion.com.ar\/web\/nosotros\/","name":"Nosotros - Rentor Climatizaci\u00f3n","isPartOf":{"@id":"https:\/\/rentorclimatizacion.com.ar\/web\/#website"},"datePublished":"2020-10-14T15:23:47+00:00","dateModified":"2021-06-11T12:38:48+00:00","description":"Somos hoy una empresa de servicios en aire acondicionado, calefacci\u00f3n, mantenimiento integral y proyectos de climatizaci\u00f3n.","breadcrumb":{"@id":"https:\/\/rentorclimatizacion.com.ar\/web\/nosotros\/#breadcrumb"},"inLanguage":"es-AR","potentialAction":[{"@type":"ReadAction","target":["https:\/\/rentorclimatizacion.com.ar\/web\/nosotros\/"]}]},{"@type":"BreadcrumbList","@id":"https:\/\/rentorclimatizacion.com.ar\/web\/nosotros\/#breadcrumb","itemListElement":[{"@type":"ListItem","position":1,"name":"Inicio","item":"https:\/\/rentorclimatizacion.com.ar\/web\/"},{"@type":"ListItem","position":2,"name":"Nosotros"}]},{"@type":"WebSite","@id":"https:\/\/rentorclimatizacion.com.ar\/web\/#website","url":"https:\/\/rentorclimatizacion.com.ar\/web\/","name":"Rentor Climatizaci\u00f3n","description":"Servicios Integrales en Aires Acondicionados","potentialAction":[{"@type":"SearchAction","target":{"@type":"EntryPoint","urlTemplate":"https:\/\/rentorclimatizacion.com.ar\/web\/?s={search_term_string}"},"query-input":{"@type":"PropertyValueSpecification","valueRequired":true,"valueName":"search_term_string"}}],"inLanguage":"es-AR"}]}},"_links":{"self":[{"href":"https:\/\/rentorclimatizacion.com.ar\/web\/wp-json\/wp\/v2\/pages\/6599","targetHints":{"allow":["GET"]}}],"collection":[{"href":"https:\/\/rentorclimatizacion.com.ar\/web\/wp-json\/wp\/v2\/pages"}],"about":[{"href":"https:\/\/rentorclimatizacion.com.ar\/web\/wp-json\/wp\/v2\/types\/page"}],"author":[{"embeddable":true,"href":"https:\/\/rentorclimatizacion.com.ar\/web\/wp-json\/wp\/v2\/users\/2"}],"replies":[{"embeddable":true,"href":"https:\/\/rentorclimatizacion.com.ar\/web\/wp-json\/wp\/v2\/comments?post=6599"}],"version-history":[{"count":16,"href":"https:\/\/rentorclimatizacion.com.ar\/web\/wp-json\/wp\/v2\/pages\/6599\/revisions"}],"predecessor-version":[{"id":6805,"href":"https:\/\/rentorclimatizacion.com.ar\/web\/wp-json\/wp\/v2\/pages\/6599\/revisions\/6805"}],"wp:attachment":[{"href":"https:\/\/rentorclimatizacion.com.ar\/web\/wp-json\/wp\/v2\/media?parent=6599"}],"curies":[{"name":"wp","href":"https:\/\/api.w.org\/{rel}","templated":true}]}}